{"id":1072,"date":"2020-08-09T22:02:23","date_gmt":"2020-08-10T01:02:23","guid":{"rendered":"http:\/\/sindicarpa.com.br\/?page_id=1072"},"modified":"2020-08-09T22:05:28","modified_gmt":"2020-08-10T01:05:28","slug":"sindicarpa","status":"publish","type":"page","link":"https:\/\/sindicarpa.com.br\/index.php\/sindicarpa\/","title":{"rendered":"SINDICARPA"},"content":{"rendered":"<p>Em 1963 com o intuito de atender os interesses da categoria dos transportadores de cargas, foi fundada a\u00a0<strong>APECAR<\/strong>\u00a0\u2013 Associa\u00e7\u00e3o Profissional das empresas e ag\u00eancias de transportes de Cargas do Estado do Par\u00e1. No entanto em 29\/04\/1981, conforme a Carta Sindical MTD 302.219 a\u00a0<strong>APECAR<\/strong>\u00a0alterou sua denomina\u00e7\u00e3o e sua descri\u00e7\u00e3o, foi transformado de Associa\u00e7\u00e3o para sindicato. Dessa forma passou a se chamado de\u00a0<strong>SINDICARPA<\/strong>\u00a0\u2013 Sindicato das Empresas de transportes de cargas no Estado do Par\u00e1, com base territorial em todo estado do Par\u00e1.<\/p>\n<p>Em 2002, em virtude da cria\u00e7\u00e3o do\u00a0<strong>SINCARSUL<\/strong>\u00a0\u2013 Sindicato das Empresas de Transportes de Cargas no Sudeste do Par\u00e1, o\u00a0<strong>SINDICARPA<\/strong>\u00a0 alterou novamente sua denomina\u00e7\u00e3o, assumindo, desde ent\u00e3o, o nome de\u00a0<strong>SINDICARPA<\/strong>\u00a0\u2013 Sindicato das Empresas de Log\u00edstica e Transportes de Cargas no Estado do Par\u00e1.<\/p>\n<p>No entanto, desde sua funda\u00e7\u00e3o at\u00e9 hoje. seu objetivo principal de atender os interesses da categoria n\u00e3o sofreu altera\u00e7\u00e3o. Dessa forma o\u00a0<strong>SINDICARPA<\/strong>\u00a0proporciona aos seus Associados, coordena\u00e7\u00e3o, prote\u00e7\u00e3o e representa\u00e7\u00e3o legal, al\u00e9m de informa\u00e7\u00f5es atualizadas de assuntos relevantes a \u00e1rea e Assessoria jur\u00eddica e Cont\u00e1bil, dentre outros servi\u00e7os<\/p>\n<p>hoje o sindicato \u00e9 composto por 04 (quatro) funcion\u00e1rios contratados e 04 Diretores eleitos pelos S\u00f3cios com mandado de 03 anos.<\/p>\n<ul>\n<li>Diretor Presidente<\/li>\n<li>Diretora Vice-Presidente<\/li>\n<li>Diretor Administrativo\/Financeiro<\/li>\n<li>Diretor Carga Fracionada\/Granel<\/li>\n<\/ul>\n<p>no seu quadro Associativo, o sindicato congrega mais de 45 empresas do setor de transportes nos segmentos de carga seca, liquida, frigorifica, mudan\u00e7a, guincho e documentos.<\/p>\n<p>sua sede social est\u00e1 localizada na Av. Senador lemos 791 \u2013 19\u00ba andar\/ salas 1903 a 1906 \u2013 ed. Sintese Plaza \u2013 Umarizal.<\/p>\n<p><strong>VALORES<\/strong><\/p>\n<ul>\n<li>A \u00c9tica<\/li>\n<li>A transpar\u00eancia<\/li>\n<li>A Compet\u00eancia<\/li>\n<li>A Capacidade T\u00e9cnica<\/li>\n<li>O Comprometimento<\/li>\n<\/ul>\n<p><strong>POLITICA<\/strong><\/p>\n<p>Representar o segmento de empresas de transporte rodovi\u00e1rio de cargas, investindo recursos na estrutura f\u00edsica e profissional para ser uma entidade capaz tecnicamente criando as condi\u00e7\u00f5es necess\u00e1rias para proporcionar desenvolvimento continuo e atualizado aos seus associados e ao quadro diretivo.<\/p>\n<p><strong>OBJETIVOS<\/strong><\/p>\n<p>Defender e representar os interesses coletivos da categoria das empresas de transportes rodovi\u00e1rio de cargas, perante a sociedade e entidades governamentais al\u00e9m de criar alternativas e disseminar informa\u00e7\u00f5es que proporcionem agilidade nas atividades do segmento transportador.<\/p>\n","protected":false},"excerpt":{"rendered":"<p>Em 1963 com o intuito de atender os interesses da categoria dos transportadores de cargas, foi fundada a\u00a0APECAR\u00a0\u2013 Associa\u00e7\u00e3o Profissional das empresas e ag\u00eancias de transportes de Cargas do Estado do Par\u00e1. No entanto em 29\/04\/1981, conforme a Carta Sindical MTD 302.219 a\u00a0APECAR\u00a0alterou sua denomina\u00e7\u00e3o e sua descri\u00e7\u00e3o, foi transformado de Associa\u00e7\u00e3o para sindicato. Dessa [&hellip;]<\/p>\n","protected":false},"author":1,"featured_media":0,"parent":0,"menu_order":0,"comment_status":"closed","ping_status":"closed","template":"","meta":{"footnotes":""},"class_list":["post-1072","page","type-page","status-publish"],"_links":{"self":[{"href":"https:\/\/sindicarpa.com.br\/index.php\/wp-json\/wp\/v2\/pages\/1072","targetHints":{"allow":["GET"]}}],"collection":[{"href":"https:\/\/sindicarpa.com.br\/index.php\/wp-json\/wp\/v2\/pages"}],"about":[{"href":"https:\/\/sindicarpa.com.br\/index.php\/wp-json\/wp\/v2\/types\/page"}],"author":[{"embeddable":true,"href":"https:\/\/sindicarpa.com.br\/index.php\/wp-json\/wp\/v2\/users\/1"}],"replies":[{"embeddable":true,"href":"https:\/\/sindicarpa.com.br\/index.php\/wp-json\/wp\/v2\/comments?post=1072"}],"version-history":[{"count":0,"href":"https:\/\/sindicarpa.com.br\/index.php\/wp-json\/wp\/v2\/pages\/1072\/revisions"}],"wp:attachment":[{"href":"https:\/\/sindicarpa.com.br\/index.php\/wp-json\/wp\/v2\/media?parent=1072"}],"curies":[{"name":"wp","href":"https:\/\/api.w.org\/{rel}","templated":true}]}}