{"id":1992,"date":"2023-09-17T21:41:33","date_gmt":"2023-09-18T00:41:33","guid":{"rendered":"http:\/\/sindicarpa.com.br\/?page_id=1992"},"modified":"2023-09-18T15:03:41","modified_gmt":"2023-09-18T18:03:41","slug":"fale-conosco","status":"publish","type":"page","link":"https:\/\/sindicarpa.com.br\/index.php\/fale-conosco\/","title":{"rendered":"Fale Conosco"},"content":{"rendered":"<div id=\"tdi_1\" class=\"tdc-zone\"><div class=\"tdc_zone tdi_2  wpb_row td-pb-row\"  >\n<style scoped>\n\/* custom css - generated by TagDiv Composer *\/\n\n\/* custom css - generated by TagDiv Composer *\/\n\/* custom css - generated by TagDiv Composer *\/\n.tdi_2{\r\n                    min-height: 0;\r\n                }\n<\/style><div id=\"tdi_3\" class=\"tdc-row\"><div class=\"vc_row tdi_4  wpb_row td-pb-row\" >\n<style scoped>\n\/* custom css - generated by TagDiv Composer *\/\n\n\/* custom css - generated by TagDiv Composer *\/\n\/* custom css - generated by TagDiv Composer *\/\n.tdi_4,\r\n                .tdi_4 .tdc-columns{\r\n                    min-height: 0;\r\n                }.tdi_4,\r\n\t\t\t\t.tdi_4 .tdc-columns{\r\n\t\t\t\t    display: block;\r\n\t\t\t\t}.tdi_4 .tdc-columns{\r\n\t\t\t\t    width: 100%;\r\n\t\t\t\t}\n<\/style><div class=\"vc_column tdi_6  wpb_column vc_column_container tdc-column td-pb-span12\">\n<style scoped>\n\/* custom css - generated by TagDiv Composer *\/\n\n\/* custom css - generated by TagDiv Composer *\/\n\/* custom css - generated by TagDiv Composer *\/\n.tdi_6{\r\n                    vertical-align: baseline;\r\n                }.tdi_6 > .wpb_wrapper,\r\n\t\t\t\t.tdi_6 > .wpb_wrapper > .tdc-elements{\r\n\t\t\t\t    display: block;\r\n\t\t\t\t}.tdi_6 > .wpb_wrapper > .tdc-elements{\r\n\t\t\t\t    width: 100%;\r\n\t\t\t\t}.tdi_6 > .wpb_wrapper > .vc_row_inner{\r\n\t\t\t\t    width: auto;\r\n\t\t\t\t}.tdi_6 > .wpb_wrapper{\r\n\t\t\t\t    width: auto;\r\n\t\t\t\t    height: auto;\r\n\t\t\t\t}\n<\/style><div class=\"wpb_wrapper\" ><div class=\"tdm_block td_block_wrap tdm_block_column_title tdi_7 tdm-content-horiz-left td-pb-border-top td_block_template_1\"  data-td-block-uid=\"tdi_7\" >\n<style>\n\n\/* inline tdc_css att - generated by TagDiv Composer *\/\n\n.tdi_7{\nmargin-top:50px !important;\n}\n\n<\/style>\n<style>\n\/* custom css - generated by TagDiv Composer *\/\n\/* custom css - generated by TagDiv Composer *\/\n.tdm_block_column_title{\r\n                  margin-bottom: 0;\r\n                  display: inline-block;\r\n                  width: 100%;\r\n                }\n<\/style><div class=\"td-block-row\"><div class=\"td-block-span12 tdm-col\">\n<style>\n\/* custom css - generated by TagDiv Composer *\/\n\/* custom css - generated by TagDiv Composer *\/\n\n<\/style><div class=\"tds-title tds-title1 td-fix-index tdi_8 \"><h3 class=\"tdm-title tdm-title-md\">Fale Conosco<\/h3><\/div><\/div><\/div><\/div><div class=\"tdm_block td_block_wrap tdm_block_inline_text tdi_9 tdm-inline-block td-pb-border-top td_block_template_1\"  data-td-block-uid=\"tdi_9\" >\n<style>\n\n\/* inline tdc_css att - generated by TagDiv Composer *\/\n\n.tdi_9{\nmargin-bottom:25px !important;\n}\n\n<\/style>\n<style>\n\/* custom css - generated by TagDiv Composer *\/\n\/* custom css - generated by TagDiv Composer *\/\n.tdm_block.tdm_block_inline_text{\r\n                  margin-bottom: 0;\r\n                  vertical-align: top;\r\n                }.tdm_block.tdm_block_inline_text .tdm-descr{\r\n                  margin-bottom: 0;\r\n                  -webkit-transform: translateZ(0);\r\n                  transform: translateZ(0);\r\n                }.tdc-row-content-vert-center .tdm-inline-text-yes{\r\n                  vertical-align: middle;\r\n                }.tdc-row-content-vert-bottom .tdm-inline-text-yes{\r\n                  vertical-align: bottom;\r\n                }.tdi_9{\r\n                    text-align: left !important;\r\n                }.tdi_9 .tdm-descr{\r\n\t\t\t\t\tfont-size:17px !important;\r\n\t\t\t\t}\n<\/style><p class=\"tdm-descr\">Estamos sempre aqui para ouvir voc\u00ea! Se voc\u00ea tiver alguma pergunta, coment\u00e1rio, sugest\u00e3o ou precisar de assist\u00eancia, n\u00e3o hesite em entrar em contato conosco.<\/p><\/div><div class=\"vc_row_inner tdi_11  vc_row vc_inner wpb_row td-pb-row\" >\n<style scoped>\n\/* custom css - generated by TagDiv Composer *\/\n\n\/* custom css - generated by TagDiv Composer *\/\n\/* custom css - generated by TagDiv Composer *\/\n\r\n\r\n                \r\n                .tdi_11{\r\n                    position: relative !important;\r\n                    top: 0;\r\n                    transform: none;\r\n                    -webkit-transform: none;\r\n                }.tdi_11,\r\n\t\t\t\t.tdi_11 .tdc-inner-columns{\r\n\t\t\t\t    display: block;\r\n\t\t\t\t}.tdi_11 .tdc-inner-columns{\r\n\t\t\t\t    width: 100%;\r\n\t\t\t\t}@media (min-width: 768px) {\r\n\t                .tdi_11 {\r\n\t                    margin-left: -5px;\r\n\t                    margin-right: -5px;\r\n\t                }\r\n\t                .tdi_11 .vc_column_inner {\r\n\t                    padding-left: 5px;\r\n\t                    padding-right: 5px;\r\n\t                }\r\n                }\n<\/style><div class=\"vc_column_inner tdi_13  wpb_column vc_column_container tdc-inner-column td-pb-span4\">\n<style scoped>\n\/* custom css - generated by TagDiv Composer *\/\n\n\/* custom css - generated by TagDiv Composer *\/\n\/* custom css - generated by TagDiv Composer *\/\n.tdi_13{\r\n                    vertical-align: baseline;\r\n                }.tdi_13 .vc_column-inner > .wpb_wrapper,\r\n\t\t\t\t.tdi_13 .vc_column-inner > .wpb_wrapper .tdc-elements{\r\n\t\t\t\t    display: block;\r\n\t\t\t\t}.tdi_13 .vc_column-inner > .wpb_wrapper .tdc-elements{\r\n\t\t\t\t    width: 100%;\r\n\t\t\t\t}\n<\/style><div class=\"vc_column-inner\"><div class=\"wpb_wrapper\" ><div class=\"tdm_block td_block_wrap tdm_block_image_info_box tdi_14 tdm-content-horiz-center tdm-content-vert-bottom td-image-info-box-style-1 td-pb-border-top td_block_template_1 tdm-mobile-full\"  data-td-block-uid=\"tdi_14\" >\n<style>\n\n\/* inline tdc_css att - generated by TagDiv Composer *\/\n\n.tdi_14{\nborder-color:rgba(0,27,147,0.6) !important;\nborder-style:solid !important;\nborder-width:0 !important;\n}\n\n<\/style>\n<style>\n\/* custom css - generated by TagDiv Composer *\/\n\/* custom css - generated by TagDiv Composer *\/\n.tdm_block_image_info_box .tdm-col{\r\n                  width: 100%;\r\n                }.tdm_block_image_info_box .tdm-image-wrap{\r\n                  overflow: hidden;\r\n                  position: relative;\r\n                  color: #fff;\r\n                }.tdm_block_image_info_box .tdm-image-box{\r\n                  height: 300px;\r\n                  display: block;\r\n                  background-size: cover;\r\n                  background-position: center;\r\n                }.tdm_block_image_info_box .tdm-image-box:before{\r\n                  content: '';\r\n                  -webkit-transition: all 0.3s;\r\n                  transition: all 0.3s;\r\n                  width: 100%;\r\n                  height: 100%;\r\n                  position: absolute;\r\n                  top: 0;\r\n                  left: 0;\r\n                }.tdm_block_image_info_box .tdm-title-md{\r\n                  font-weight: 600;\r\n                  color: #fff;\r\n                  margin: 0;\r\n                }.tdm_block_image_info_box .tdm-image-description{\r\n                  position: absolute;\r\n                  top: 0;\r\n                  padding: 6% 7%;\r\n                  width: 100%;\r\n                  margin: auto;\r\n                  pointer-events: none;\r\n                }.tdm_block_image_info_box .tdm-image-description p{\r\n                  font-family: 'Roboto', sans-serif;\r\n                  font-size: 16px;\r\n                  line-height: 24px;\r\n                }.tdm_block_image_info_box .tdm-image-description p:last-of-type{\r\n                  margin-bottom: 0;\r\n                }.tdm_block_image_info_box .tdm-image-meta{\r\n                  -webkit-transition: all 0.3s;\r\n                  transition: all 0.3s;\r\n                  position: absolute;\r\n                  margin-right: 30px;\r\n                  margin-top: 15px;\r\n                }.tdm_block_image_info_box .tds-button{\r\n                  margin-top: 25px;\r\n                  pointer-events: all;\r\n                }.tdm_block_image_info_box .tdm-image-border{\r\n                  position: absolute;\r\n                  bottom: 0;\r\n                  width: 100%;\r\n                  z-index: 1;\r\n                }.tdm_block_image_info_box .tdm-image-border span{\r\n                  display: inline-block;\r\n                  width: 33.3333%;\r\n                  float: left;\r\n                  height: 4px;\r\n                }.tdm_block_image_info_box .tdm-image-border .tdm-image-border0{\r\n                  opacity: 0.8;\r\n                }.tdm_block_image_info_box .tdm-image-border .tdm-image-border1{\r\n                  opacity: 0.6;\r\n                }.tdm_block_image_info_box .tdm-image-border .tdm-image-border2{\r\n                  opacity: 0.4;\r\n                }.tdm_block_image_info_box.td-image-info-box-style-1.tdm-content-vert-bottom .tdm-image-description{\r\n                  top: auto;\r\n                  bottom: 0;\r\n                }.tdm_block_image_info_box.td-image-info-box-style-1.tdm-content-vert-center .tdm-image-description{\r\n                  bottom: 0;\r\n                }.tdm_block_image_info_box.td-image-info-box-style-1 .tdm-image-description{\r\n                  display: table;\r\n                }.tdm_block_image_info_box.td-image-info-box-style-1 .tdm-image-meta{\r\n                  position: relative;\r\n                  margin-right: 0;\r\n                }.tdm_block_image_info_box.td-image-info-box-style-2 .tdm-image-meta{\r\n                  bottom: 20px;\r\n                }.tdm_block_image_info_box.td-image-info-box-style-2 .tdm-image-description{\r\n                  bottom: 0;\r\n                }.tdm_block_image_info_box.td-image-info-box-style-2 .tds-button{\r\n                  position: absolute;\r\n                  margin-top: 40px;\r\n                  width: 100%;\r\n                }.tdm_block_image_info_box.td-image-info-box-style-2 .tdm-image-wrap:hover.tdm-btn-sm-used .tdm-image-meta{\r\n                  -webkit-transform: translateY(-45px);\r\n                  transform: translateY(-45px);\r\n                }.tdm_block_image_info_box.td-image-info-box-style-2 .tdm-image-wrap:hover.tdm-btn-sm-used .tds-button{\r\n                  margin-top: 10px;\r\n                }.tdm_block_image_info_box.td-image-info-box-style-2 .tdm-image-wrap:hover.tdm-btn-md-used .tdm-image-meta{\r\n                  -webkit-transform: translateY(-65px);\r\n                  transform: translateY(-65px);\r\n                }.tdm_block_image_info_box.td-image-info-box-style-2 .tdm-image-wrap:hover.tdm-btn-md-used .tds-button{\r\n                  margin-top: 14px;\r\n                }.tdm_block_image_info_box.td-image-info-box-style-2 .tdm-image-wrap:hover.tdm-btn-lg-used .tdm-image-meta{\r\n                  -webkit-transform: translateY(-87px);\r\n                  transform: translateY(-87px);\r\n                }.tdm_block_image_info_box.td-image-info-box-style-2 .tdm-image-wrap:hover.tdm-btn-lg-used .tds-button{\r\n                  margin-top: 23px;\r\n                }.tdm_block_image_info_box.td-image-info-box-style-2 .tdm-image-wrap:hover.tdm-btn-xlg-used .tdm-image-meta{\r\n                  -webkit-transform: translateY(-112px);\r\n                  transform: translateY(-112px);\r\n                }.tdm_block_image_info_box.td-image-info-box-style-2 .tdm-image-wrap:hover.tdm-btn-xlg-used .tds-button{\r\n                  margin-top: 23px;\r\n                }.tdm_block_image_info_box.td-image-info-box-style-2.tdm-content-horiz-center .tdm-image-meta{\r\n                  left: 7%;\r\n                  right: 7%;\r\n                  margin-right: 0;\r\n                }.tdm_block_image_info_box.td-image-info-box-style-2.tdm-content-horiz-center .tds-button{\r\n                  left: 50%;\r\n                  -webkit-transform: translateX(-50%);\r\n                  transform: translateX(-50%);\r\n                }.tdm_block_image_info_box.td-image-info-box-style-2.tdm-content-horiz-right .tdm-image-meta{\r\n                  right: 7%;\r\n                  margin-right: 0;\r\n                  margin-left: 20px;\r\n                }.tdm_block_image_info_box.td-image-info-box-style-2.tdm-content-horiz-right .tds-button{\r\n                  right: 0;\r\n                }.tdi_14 .tdm-image-box{\r\n                    height: 220px;\r\n                }.tdi_14 .td-block-row .tdm-image-box:before{\r\n\t\t\t\t\tbackground-color: rgba(0,27,147,0.6);\r\n\t\t\t\t}.tdi_14 .tdm-title-md{\r\n\t\t\t\t\tline-height:0.5 !important;\r\n\t\t\t\t}@media (max-width: 767px) {\r\n                  .tdm_block_image_info_box .tdm-image-description {\r\n                    padding: 20px;\r\n                  }\r\n                }@media (min-width: 1019px) and (max-width: 1140px) {\r\n                  .tdm_block_image_info_box .tdm-image-description p {\r\n                    font-size: 14px;\r\n                    line-height: 20px;\r\n                  }\r\n                }@media (min-width: 768px) and (max-width: 1018px) {\r\n                  .tdm_block_image_info_box .tdm-image-description p {\r\n                    font-size: 14px;\r\n                    line-height: 20px;\r\n                  }\r\n                }\n<\/style><div class=\"td-block-width\"><div class=\"td-block-row\"><div class=\"td-block-span12 tdm-col\"><div class=\"tdm-image-wrap tdm-with-button tdm-btn-md-used\"><div class=\"tdm-image-border\"><span class=\"tdm-image-border0\"><\/span><span class=\"tdm-image-border1\"><\/span><span class=\"tdm-image-border2\"><\/span><\/div><a class=\"tdm-image-box\" style=\"background-image: url('');\" href=\"tel:9132231249\"  rel=\"bookmark\" title=\"Ligue agora\"><\/a><div class=\"tdm-image-description\"><h3 class=\"tdm-title-md\">Ligue agora<\/h3><div class=\"tdm-image-meta\"><p>para nosso n\u00famero <b>91 3223-1249<\/p>\n<style>\n\/* custom css - generated by TagDiv Composer *\/\n\/* custom css - generated by TagDiv Composer *\/\n.tdi_15 .tdm-btn-text,\r\n\t\t\t\t.tdi_15 i{\r\n\t\t\t\t\tcolor: #000000;\r\n\t\t\t\t}.tdi_15 svg{\r\n\t\t\t\t    fill: #000000;\r\n\t\t\t\t\r\n\t\t\t\t\twidth: 18px;\r\n                    height: auto;\r\n\t\t\t\t}.tdi_15 svg *{\r\n\t\t\t\t    fill: inherit;\r\n\t\t\t\t}.tdi_15{\r\n                    padding: 15px 30px 15px;\r\n                    height: auto;\r\n                    line-height: 1;\r\n                \r\n\t\t\t\t\tbox-shadow:  0px 2px 16px 0px rgba(0, 0, 0, 0.1);\r\n\t\t\t\t}.tdi_15:hover{\r\n\t\t\t\t\tbox-shadow:  0px 2px 26px 0px rgba(0, 0, 0, 0.1);\r\n\t\t\t\t}\n<\/style><div class=\"tds-button td-fix-index\"><a href=\"tel:9132231249\"  title=\"Ligar Agora\" class=\"tds-button3 tdm-btn tdm-btn-md tdi_15 \" ><span class=\"tdm-btn-text\">Ligar Agora<\/span><\/a><\/div><\/div><\/div><\/div><\/div><div class=\"clearfix\"><\/div><\/div><\/div><\/div><\/div><\/div><\/div><div class=\"vc_column_inner tdi_17  wpb_column vc_column_container tdc-inner-column td-pb-span4\">\n<style scoped>\n\/* custom css - generated by TagDiv Composer *\/\n\n\/* custom css - generated by TagDiv Composer *\/\n\/* custom css - generated by TagDiv Composer *\/\n.tdi_17{\r\n                    vertical-align: baseline;\r\n                }.tdi_17 .vc_column-inner > .wpb_wrapper,\r\n\t\t\t\t.tdi_17 .vc_column-inner > .wpb_wrapper .tdc-elements{\r\n\t\t\t\t    display: block;\r\n\t\t\t\t}.tdi_17 .vc_column-inner > .wpb_wrapper .tdc-elements{\r\n\t\t\t\t    width: 100%;\r\n\t\t\t\t}\n<\/style><div class=\"vc_column-inner\"><div class=\"wpb_wrapper\" ><div class=\"tdm_block td_block_wrap tdm_block_image_info_box tdi_18 tdm-content-horiz-center tdm-content-vert-bottom td-image-info-box-style-1 td-pb-border-top td_block_template_1 tdm-mobile-full\"  data-td-block-uid=\"tdi_18\" >\n<style>\n\/* custom css - generated by TagDiv Composer *\/\n\/* custom css - generated by TagDiv Composer *\/\n.tdi_18 .tdm-image-box{\r\n                    height: 220px;\r\n                }.tdi_18 .td-block-row .tdm-image-box:before{\r\n\t\t\t\t\tbackground: -webkit-linear-gradient(-90deg,rgba(221,0,0,0.6),rgba(221,51,51,0.9));background: linear-gradient(-90deg,rgba(221,0,0,0.6),rgba(221,51,51,0.9));\r\n\t\t\t\t}.tdi_18 .tdm-title-md{\r\n\t\t\t\t\tline-height:0.5 !important;\r\n\t\t\t\t}\n<\/style><div class=\"td-block-width\"><div class=\"td-block-row\"><div class=\"td-block-span12 tdm-col\"><div class=\"tdm-image-wrap tdm-with-button tdm-btn-md-used\"><div class=\"tdm-image-border\"><span class=\"tdm-image-border0\"><\/span><span class=\"tdm-image-border1\"><\/span><span class=\"tdm-image-border2\"><\/span><\/div><a class=\"tdm-image-box\" style=\"background-image: url('');\" href=\"#mailto:administrativo@sindicarpa.com.br\"  rel=\"bookmark\" title=\"Envie um E-mail\"><\/a><div class=\"tdm-image-description\"><h3 class=\"tdm-title-md\">Envie um E-mail<\/h3><div class=\"tdm-image-meta\"><p>para <b>administrativo@sindicarpa.com.br<\/b><\/p>\n<style>\n\/* custom css - generated by TagDiv Composer *\/\n\/* custom css - generated by TagDiv Composer *\/\n.tdi_19 .tdm-btn-text,\r\n\t\t\t\t.tdi_19 i{\r\n\t\t\t\t\tcolor: #000000;\r\n\t\t\t\t}.tdi_19 svg{\r\n\t\t\t\t    fill: #000000;\r\n\t\t\t\t\r\n\t\t\t\t\twidth: 18px;\r\n                    height: auto;\r\n\t\t\t\t}.tdi_19 svg *{\r\n\t\t\t\t    fill: inherit;\r\n\t\t\t\t}.tdi_19{\r\n                    padding: 15px 40px 15px;\r\n                    height: auto;\r\n                    line-height: 1;\r\n                \r\n\t\t\t\t\tbox-shadow:  0px 2px 16px 0px rgba(0, 0, 0, 0.1);\r\n\t\t\t\t\r\n\t\t\t\t\tfont-weight:700 !important;\r\n\t\t\t\t}.tdi_19:hover{\r\n\t\t\t\t\tbox-shadow:  0px 2px 26px 0px rgba(0, 0, 0, 0.1);\r\n\t\t\t\t}\n<\/style><div class=\"tds-button td-fix-index\"><a href=\"#mailto:administrativo@sindicarpa.com.br\"  title=\"Enviar Agora\" class=\"tds-button3 tdm-btn tdm-btn-md tdi_19 \" ><span class=\"tdm-btn-text\">Enviar Agora<\/span><\/a><\/div><\/div><\/div><\/div><\/div><div class=\"clearfix\"><\/div><\/div><\/div><\/div><\/div><\/div><\/div><div class=\"vc_column_inner tdi_21  wpb_column vc_column_container tdc-inner-column td-pb-span4\">\n<style scoped>\n\/* custom css - generated by TagDiv Composer *\/\n\n\/* custom css - generated by TagDiv Composer *\/\n\/* custom css - generated by TagDiv Composer *\/\n.tdi_21{\r\n                    vertical-align: baseline;\r\n                }.tdi_21 .vc_column-inner > .wpb_wrapper,\r\n\t\t\t\t.tdi_21 .vc_column-inner > .wpb_wrapper .tdc-elements{\r\n\t\t\t\t    display: block;\r\n\t\t\t\t}.tdi_21 .vc_column-inner > .wpb_wrapper .tdc-elements{\r\n\t\t\t\t    width: 100%;\r\n\t\t\t\t}\n<\/style><div class=\"vc_column-inner\"><div class=\"wpb_wrapper\" ><div class=\"tdm_block td_block_wrap tdm_block_image_info_box tdi_22 tdm-content-horiz-center tdm-content-vert-bottom td-image-info-box-style-1 td-pb-border-top td_block_template_1 tdm-mobile-full\"  data-td-block-uid=\"tdi_22\" >\n<style>\n\/* custom css - generated by TagDiv Composer *\/\n\/* custom css - generated by TagDiv Composer *\/\n.tdi_22 .tdm-image-box{\r\n                    height: 220px;\r\n                }.tdi_22 .td-block-row .tdm-image-box:before{\r\n\t\t\t\t\tbackground-color: rgba(48,155,57,0.9);\r\n\t\t\t\t}.tdi_22 .tdm-title-md{\r\n\t\t\t\t\tline-height:0.5 !important;\r\n\t\t\t\t}\n<\/style><div class=\"td-block-width\"><div class=\"td-block-row\"><div class=\"td-block-span12 tdm-col\"><div class=\"tdm-image-wrap tdm-with-button tdm-btn-md-used\"><div class=\"tdm-image-border\"><span class=\"tdm-image-border0\"><\/span><span class=\"tdm-image-border1\"><\/span><span class=\"tdm-image-border2\"><\/span><\/div><a class=\"tdm-image-box\" style=\"background-image: url('');\" href=\"https:\/\/wa.me\/91984198273\"  rel=\"bookmark\" title=\"Mande sua mensagem\"><\/a><div class=\"tdm-image-description\"><h3 class=\"tdm-title-md\">Mande sua mensagem<\/h3><div class=\"tdm-image-meta\"><p>para nosso whatsapp <b>91 98419-8273<\/b><\/p>\n<style>\n\/* custom css - generated by TagDiv Composer *\/\n\/* custom css - generated by TagDiv Composer *\/\n.tdi_23 svg{\r\n\t\t\t\t\twidth: 18px;\r\n                    height: auto;\r\n\t\t\t\t}.tdi_23{\r\n                    padding: 15px 40px 15px;\r\n                    height: auto;\r\n                    line-height: 1;\r\n                \r\n\t\t\t\t\tbox-shadow:  0px 2px 16px 0px rgba(0, 0, 0, 0.1);\r\n\t\t\t\t\r\n\t\t\t\t\tfont-weight:700 !important;\r\n\t\t\t\t}.tdi_23:hover{\r\n\t\t\t\t\tbox-shadow:  0px 2px 26px 0px rgba(0, 0, 0, 0.1);\r\n\t\t\t\t}\n<\/style><div class=\"tds-button td-fix-index\"><a href=\"https:\/\/wa.me\/91984198273\"  title=\"Mandar Agora\" class=\"tds-button3 tdm-btn tdm-btn-md tdi_23 \" ><span class=\"tdm-btn-text\">Mandar Agora<\/span><\/a><\/div><\/div><\/div><\/div><\/div><div class=\"clearfix\"><\/div><\/div><\/div><\/div><\/div><\/div><\/div><\/div><div class=\"wpb_wrapper td_block_empty_space td_block_wrap vc_empty_space tdi_25 \"  style=\"height: 60px\"><\/div><\/div><\/div><\/div><\/div><\/div><\/div>","protected":false},"excerpt":{"rendered":"","protected":false},"author":1,"featured_media":0,"parent":0,"menu_order":0,"comment_status":"closed","ping_status":"closed","template":"","meta":{"footnotes":""},"class_list":["post-1992","page","type-page","status-publish"],"_links":{"self":[{"href":"https:\/\/sindicarpa.com.br\/index.php\/wp-json\/wp\/v2\/pages\/1992","targetHints":{"allow":["GET"]}}],"collection":[{"href":"https:\/\/sindicarpa.com.br\/index.php\/wp-json\/wp\/v2\/pages"}],"about":[{"href":"https:\/\/sindicarpa.com.br\/index.php\/wp-json\/wp\/v2\/types\/page"}],"author":[{"embeddable":true,"href":"https:\/\/sindicarpa.com.br\/index.php\/wp-json\/wp\/v2\/users\/1"}],"replies":[{"embeddable":true,"href":"https:\/\/sindicarpa.com.br\/index.php\/wp-json\/wp\/v2\/comments?post=1992"}],"version-history":[{"count":6,"href":"https:\/\/sindicarpa.com.br\/index.php\/wp-json\/wp\/v2\/pages\/1992\/revisions"}],"predecessor-version":[{"id":1999,"href":"https:\/\/sindicarpa.com.br\/index.php\/wp-json\/wp\/v2\/pages\/1992\/revisions\/1999"}],"wp:attachment":[{"href":"https:\/\/sindicarpa.com.br\/index.php\/wp-json\/wp\/v2\/media?parent=1992"}],"curies":[{"name":"wp","href":"https:\/\/api.w.org\/{rel}","templated":true}]}}