{"id":2186,"date":"2024-06-19T12:01:28","date_gmt":"2024-06-19T15:01:28","guid":{"rendered":"http:\/\/sindicarpa.com.br\/?page_id=2186"},"modified":"2025-07-22T14:49:14","modified_gmt":"2025-07-22T17:49:14","slug":"convencao-coletiva","status":"publish","type":"page","link":"https:\/\/sindicarpa.com.br\/index.php\/convencao-coletiva\/","title":{"rendered":"Conven\u00e7\u00e3o Coletiva"},"content":{"rendered":"<div id=\"tdi_1\" class=\"tdc-zone\"><div class=\"tdc_zone tdi_2  wpb_row td-pb-row\"  >\n<style scoped>\n\/* custom css - generated by TagDiv Composer *\/\n\n\/* custom css - generated by TagDiv Composer *\/\n\/* custom css - generated by TagDiv Composer *\/\n.tdi_2{\r\n                    min-height: 0;\r\n                }\n<\/style><div id=\"tdi_3\" class=\"tdc-row\"><div class=\"vc_row tdi_4  wpb_row td-pb-row\" >\n<style scoped>\n\/* custom css - generated by TagDiv Composer *\/\n\n\/* custom css - generated by TagDiv Composer *\/\n\/* custom css - generated by TagDiv Composer *\/\n.tdi_4,\r\n                .tdi_4 .tdc-columns{\r\n                    min-height: 0;\r\n                }.tdi_4,\r\n\t\t\t\t.tdi_4 .tdc-columns{\r\n\t\t\t\t    display: block;\r\n\t\t\t\t}.tdi_4 .tdc-columns{\r\n\t\t\t\t    width: 100%;\r\n\t\t\t\t}\n<\/style><div class=\"vc_column tdi_6  wpb_column vc_column_container tdc-column td-pb-span12\">\n<style scoped>\n\/* custom css - generated by TagDiv Composer *\/\n\n\/* custom css - generated by TagDiv Composer *\/\n\/* custom css - generated by TagDiv Composer *\/\n.tdi_6{\r\n                    vertical-align: baseline;\r\n                }.tdi_6 > .wpb_wrapper,\r\n\t\t\t\t.tdi_6 > .wpb_wrapper > .tdc-elements{\r\n\t\t\t\t    display: block;\r\n\t\t\t\t}.tdi_6 > .wpb_wrapper > .tdc-elements{\r\n\t\t\t\t    width: 100%;\r\n\t\t\t\t}.tdi_6 > .wpb_wrapper > .vc_row_inner{\r\n\t\t\t\t    width: auto;\r\n\t\t\t\t}.tdi_6 > .wpb_wrapper{\r\n\t\t\t\t    width: auto;\r\n\t\t\t\t    height: auto;\r\n\t\t\t\t}\n<\/style><div class=\"wpb_wrapper\" ><div class=\"wpb_wrapper td_block_single_image td_block_wrap  td-animation-stack td_block_wrap vc_single_image tdi_7  td-single-image- td-pb-border-top td_block_template_1 \"  data-td-block-uid=\"tdi_7\"><span \r\n                            class=\"td_single_image_bg td-lazy-img\" \r\n                            data-type=\"css_image\" \r\n                            data-img-url=\"https:\/\/sindicarpa.com.br\/wp-content\/uploads\/2025\/07\/Arte-Convencao-Site.jpg\"  ><\/span>\n<style>\n\/* custom css - generated by TagDiv Composer *\/\n\/* custom css - generated by TagDiv Composer *\/\n\r\n                .td_block_single_image.td-image-video-modal{\r\n                  cursor: pointer;\r\n                }.td_block_single_image .td_single_image_bg{\r\n                  display: block;\r\n                }.td_block_single_image.td-no-img-custom-url .td_single_image_bg{\r\n                  pointer-events: none;\r\n                  cursor: default;\r\n                }.vc_single_image a{\r\n                  position: relative;\r\n                }.td-single-image-style-rounded .td_single_image_bg,\r\n                .td-single-image-style-rounded .td_single_image_bg:before,\r\n                .td-single-image-style-rounded .td_single_image_bg:after{\r\n                  border-radius: 4px;\r\n                }.td-single-image-style-border,\r\n                .td-single-image-style-round-border,\r\n                .td-single-image-style-circle-border,\r\n                .td-single-image-style-outline,\r\n                .td-single-image-style-bordered-shadow,\r\n                .td-single-image-style-round-outline,\r\n                .td-single-image-style-round-border-shadow,\r\n                .td-single-image-style-circle-outline,\r\n                .td-single-image-style-circle-border-shadow{\r\n                  margin-bottom: 22px;\r\n                  background-color: #EBEBEB;\r\n                }.td-single-image-style-border,\r\n                .td-single-image-style-round-border,\r\n                .td-single-image-style-circle-border{\r\n                  padding: 6px;\r\n                }.td-single-image-style-outline,\r\n                .td-single-image-style-bordered-shadow,\r\n                .td-single-image-style-round-outline,\r\n                .td-single-image-style-round-border-shadow,\r\n                .td-single-image-style-circle-outline,\r\n                .td-single-image-style-circle-border-shadow{\r\n                  padding: 1px;\r\n                }.td-single-image-style-outline .td_single_image_bg:before,\r\n                .td-single-image-style-bordered-shadow .td_single_image_bg:before,\r\n                .td-single-image-style-round-outline .td_single_image_bg:before,\r\n                .td-single-image-style-round-border-shadow .td_single_image_bg:before,\r\n                .td-single-image-style-circle-outline .td_single_image_bg:before,\r\n                .td-single-image-style-circle-border-shadow .td_single_image_bg:before,\r\n                .td-single-image-style-outline a:after,\r\n                .td-single-image-style-bordered-shadow .td_single_image_bg:after,\r\n                .td-single-image-style-round-outline .td_single_image_bg:after,\r\n                .td-single-image-style-round-border-shadow .td_single_image_bg:after,\r\n                .td-single-image-style-circle-outline .td_single_image_bg:after,\r\n                .td-single-image-style-circle-border-shadow .td_single_image_bg:after{\r\n                  content: '';\r\n                  position: absolute;\r\n                  top: 0;\r\n                  left: 0;\r\n                  width: 100%;\r\n                  height: 100%;\r\n                }.td-single-image-style-outline .td_single_image_bg:after,\r\n                .td-single-image-style-bordered-shadow .td_single_image_bg:after,\r\n                .td-single-image-style-round-outline .td_single_image_bg:after,\r\n                .td-single-image-style-round-border-shadow .td_single_image_bg:after,\r\n                .td-single-image-style-circle-outline .td_single_image_bg:after,\r\n                .td-single-image-style-circle-border-shadow .td_single_image_bg:after{\r\n                  color: #fff;\r\n                  -webkit-box-shadow: inset 0px 0px 0px 6px;\r\n                  box-shadow: inset 0px 0px 0px 6px;\r\n                }.td-single-image-style-outline .td_single_image_bg:before,\r\n                .td-single-image-style-bordered-shadow .td_single_image_bg:before,\r\n                .td-single-image-style-round-outline .td_single_image_bg:before,\r\n                .td-single-image-style-round-border-shadow .td_single_image_bg:before,\r\n                .td-single-image-style-circle-outline .td_single_image_bg:before,\r\n                .td-single-image-style-circle-border-shadow .td_single_image_bg:before{\r\n                  color: #EBEBEB;\r\n                  -webkit-box-shadow: inset 0px 0px 0px 7px;\r\n                  box-shadow: inset 0px 0px 0px 7px;\r\n                }.td-single-image-style-shadow .td_single_image_bg,\r\n                .td-single-image-style-bordered-shadow .td_single_image_bg,\r\n                .td-single-image-style-round-shadow .td_single_image_bg,\r\n                .td-single-image-style-round-border-shadow .td_single_image_bg,\r\n                .td-single-image-style-circle-shadow .td_single_image_bg,\r\n                .td-single-image-style-circle-border-shadow .td_single_image_bg{\r\n                  -webkit-box-shadow: 0 0 6px rgba(0, 0, 0, 0.1);\r\n                  box-shadow: 0 0 6px rgba(0, 0, 0, 0.1);\r\n                }.td-single-image-style-3d-shadow{\r\n                  position: relative;\r\n                }.td-single-image-style-3d-shadow:before,\r\n                .td-single-image-style-3d-shadow:after{\r\n                  content: '';\r\n                  position: absolute;\r\n                  bottom: 0;\r\n                  height: 30%;\r\n                  -webkit-box-shadow: 0 15px 10px rgba(0, 0, 0, 0.6);\r\n                  box-shadow: 0 15px 10px rgba(0, 0, 0, 0.6);\r\n                  z-index: 0;\r\n                }.td-single-image-style-3d-shadow:before{\r\n                  left: 5px;\r\n                  right: 50%;\r\n                  -webkit-transform: skewY(-6deg);\r\n                  transform: skewY(-6deg);\r\n                  -webkit-transform-origin: 0 0;\r\n                  transform-origin: 0 0;\r\n                }.td-single-image-style-3d-shadow:after{\r\n                  left: 50%;\r\n                  right: 5px;\r\n                  -webkit-transform: skewY(6deg);\r\n                  transform: skewY(6deg);\r\n                  -webkit-transform-origin: 100% 0;\r\n                  transform-origin: 100% 0;\r\n                }.td-single-image-style-3d-shadow .td_single_image_bg{\r\n                  z-index: 1;\r\n                }.td-single-image-style-round,\r\n                .td-single-image-style-round-border,\r\n                .td-single-image-style-round-outline,\r\n                .td-single-image-style-round-shadow,\r\n                .td-single-image-style-round-border-shadow,\r\n                .td-single-image-style-circle,\r\n                .td-single-image-style-circle-border,\r\n                .td-single-image-style-circle-outline,\r\n                .td-single-image-style-circle-shadow,\r\n                .td-single-image-style-circle-border-shadow{\r\n                  border-radius: 50%;\r\n                }.td-single-image-style-round .td_single_image_bg,\r\n                .td-single-image-style-round-border .td_single_image_bg,\r\n                .td-single-image-style-round-outline .td_single_image_bg,\r\n                .td-single-image-style-round-shadow .td_single_image_bg,\r\n                .td-single-image-style-round-border-shadow .td_single_image_bg,\r\n                .td-single-image-style-circle .td_single_image_bg,\r\n                .td-single-image-style-circle-border .td_single_image_bg,\r\n                .td-single-image-style-circle-outline .td_single_image_bg,\r\n                .td-single-image-style-circle-shadow .td_single_image_bg,\r\n                .td-single-image-style-circle-border-shadow .td_single_image_bg,\r\n                .td-single-image-style-round .td_single_image_bg:before,\r\n                .td-single-image-style-round-border .td_single_image_bg:before,\r\n                .td-single-image-style-round-outline .td_single_image_bg:before,\r\n                .td-single-image-style-round-shadow .td_single_image_bg:before,\r\n                .td-single-image-style-round-border-shadow .td_single_image_bg:before,\r\n                .td-single-image-style-circle .td_single_image_bg:before,\r\n                .td-single-image-style-circle-border .td_single_image_bg:before,\r\n                .td-single-image-style-circle-outline .td_single_image_bg:before,\r\n                .td-single-image-style-circle-shadow .td_single_image_bg:before,\r\n                .td-single-image-style-circle-border-shadow .td_single_image_bg:before,\r\n                .td-single-image-style-round .td_single_image_bg:after,\r\n                .td-single-image-style-round-border .td_single_image_bg:after,\r\n                .td-single-image-style-round-outline .td_single_image_bg:after,\r\n                .td-single-image-style-round-shadow .td_single_image_bg:after,\r\n                .td-single-image-style-round-border-shadow .td_single_image_bg:after,\r\n                .td-single-image-style-circle .td_single_image_bg:after,\r\n                .td-single-image-style-circle-border .td_single_image_bg:after,\r\n                .td-single-image-style-circle-outline .td_single_image_bg:after,\r\n                .td-single-image-style-circle-shadow .td_single_image_bg:after,\r\n                .td-single-image-style-circle-border-shadow .td_single_image_bg:after{\r\n                  border-radius: 50%;\r\n                }.td-single-image-style-round-outline .td_single_image_bg:before,\r\n                .td-single-image-style-round-border-shadow .td_single_image_bg:before,\r\n                .td-single-image-style-circle-outline .td_single_image_bg:before,\r\n                .td-single-image-style-circle-border-shadow .td_single_image_bg:before,\r\n                .td-single-image-style-round-outline .td_single_image_bg:before:before,\r\n                .td-single-image-style-round-border-shadow .td_single_image_bg:before:before,\r\n                .td-single-image-style-circle-outline .td_single_image_bg:before:before,\r\n                .td-single-image-style-circle-border-shadow .td_single_image_bg:before:before,\r\n                .td-single-image-style-round-outline .td_single_image_bg:after:before,\r\n                .td-single-image-style-round-border-shadow .td_single_image_bg:after:before,\r\n                .td-single-image-style-circle-outline .td_single_image_bg:after:before,\r\n                .td-single-image-style-circle-border-shadow .td_single_image_bg:after:before,\r\n                .td-single-image-style-round-outline .td_single_image_bg:after,\r\n                .td-single-image-style-round-border-shadow .td_single_image_bg:after,\r\n                .td-single-image-style-circle-outline .td_single_image_bg:after,\r\n                .td-single-image-style-circle-border-shadow .td_single_image_bg:after,\r\n                .td-single-image-style-round-outline .td_single_image_bg:before:after,\r\n                .td-single-image-style-round-border-shadow .td_single_image_bg:before:after,\r\n                .td-single-image-style-circle-outline .td_single_image_bg:before:after,\r\n                .td-single-image-style-circle-border-shadow .td_single_image_bg:before:after,\r\n                .td-single-image-style-round-outline .td_single_image_bg:after:after,\r\n                .td-single-image-style-round-border-shadow .td_single_image_bg:after:after,\r\n                .td-single-image-style-circle-outline .td_single_image_bg:after:after,\r\n                .td-single-image-style-circle-border-shadow .td_single_image_bg:after:after{\r\n                  border-radius: 50%;\r\n                }.td-single-image-style-circle .td_single_image_bg,\r\n                .td-single-image-style-circle-border .td_single_image_bg,\r\n                .td-single-image-style-circle-outline .td_single_image_bg,\r\n                .td-single-image-style-circle-shadow .td_single_image_bg,\r\n                .td-single-image-style-circle-border-shadow .td_single_image_bg{\r\n                  height: 0;\r\n                  padding-bottom: 100%;\r\n                }.vc_single_image .td_single_image_bg{\r\n                  width: 100%;\r\n                  display: block;\r\n                  background-size: cover;\r\n                }.tdi_7 .td_single_image_bg{\r\n\t\t\t\t\theight: 400px;\r\n\t\t\t\t\tpadding-bottom: 0;\r\n\t\t\t\t\r\n                background-repeat: no-repeat;\r\n\t\t\t\t\r\n                background-position: center top;\r\n\t\t\t\t}.tdi_7:hover .td_single_image_bg:before{\r\n                    opacity: 0;\r\n                }@media (max-width: 767px) {\r\n                  .td-stretch-content .td_block_single_image {\r\n                    margin-right: -20px;\r\n                    margin-left: -20px;\r\n                  }\r\n                }@media (max-width: 767px) {\r\n                  .td-single-image-style-border,\r\n                  .td-single-image-style-round-border,\r\n                  .td-single-image-style-circle-border,\r\n                  .td-single-image-style-outline,\r\n                  .td-single-image-style-bordered-shadow,\r\n                  .td-single-image-style-round-outline,\r\n                  .td-single-image-style-round-border-shadow,\r\n                  .td-single-image-style-circle-outline,\r\n                  .td-single-image-style-circle-border-shadow {\r\n                    margin-bottom: 32px;\r\n                  }\r\n                }\n<\/style><\/div><\/div><\/div><\/div><\/div><div id=\"tdi_8\" class=\"tdc-row\"><div class=\"vc_row tdi_9  wpb_row td-pb-row\" >\n<style scoped>\n\/* custom css - generated by TagDiv Composer *\/\n\n\/* custom css - generated by TagDiv Composer *\/\n\/* custom css - generated by TagDiv Composer *\/\n.tdi_9,\r\n                .tdi_9 .tdc-columns{\r\n                    min-height: 0;\r\n                }.tdi_9,\r\n\t\t\t\t.tdi_9 .tdc-columns{\r\n\t\t\t\t    display: block;\r\n\t\t\t\t}.tdi_9 .tdc-columns{\r\n\t\t\t\t    width: 100%;\r\n\t\t\t\t}\n<\/style><div class=\"vc_column tdi_11  wpb_column vc_column_container tdc-column td-pb-span12\">\n<style scoped>\n\/* custom css - generated by TagDiv Composer *\/\n\n\/* custom css - generated by TagDiv Composer *\/\n\/* custom css - generated by TagDiv Composer *\/\n.tdi_11{\r\n                    vertical-align: bottom;\r\n                }.tdi_11 > .wpb_wrapper,\r\n\t\t\t\t.tdi_11 > .wpb_wrapper > .tdc-elements{\r\n\t\t\t\t    display: block;\r\n\t\t\t\t}.tdi_11 > .wpb_wrapper > .tdc-elements{\r\n\t\t\t\t    width: 100%;\r\n\t\t\t\t}.tdi_11 > .wpb_wrapper > .vc_row_inner{\r\n\t\t\t\t    width: auto;\r\n\t\t\t\t}.tdi_11 > .wpb_wrapper{\r\n\t\t\t\t    width: auto;\r\n\t\t\t\t    height: auto;\r\n\t\t\t\t}\n\/* inline tdc_css att - generated by TagDiv Composer *\/\n\n.tdi_11{\nposition:relative;\n}\n\n<\/style>\n<div class=\"tdi_10_rand_style td-element-style\" ><div class=\"td-element-style-before\"><style>\n\/* custom css - generated by TagDiv Composer *\/\n\n.tdi_10_rand_style > .td-element-style-before {\ncontent:'' !important;\nwidth:100% !important;\nheight:100% !important;\nposition:absolute !important;\ntop:0 !important;\nleft:0 !important;\ndisplay:block !important;\nz-index:0 !important;\nbackground-repeat: no-repeat !important;\nbackground-size:contain !important;\nbackground-position:center top !important;\n}\n<\/style><\/div><\/div><div class=\"wpb_wrapper\" ><div class=\"td_block_wrap td_block_text_with_title tdi_12 tagdiv-type td-pb-border-top td_block_template_1\"  data-td-block-uid=\"tdi_12\" >\n<style>\n\n\/* inline tdc_css att - generated by TagDiv Composer *\/\n\n.tdi_12{\nborder-color:#000000 !important;\nborder-style:solid !important;\nborder-width:0 !important;\n}\n\n<\/style>\n<style>\n\/* custom css - generated by TagDiv Composer *\/\n\/* custom css - generated by TagDiv Composer *\/\n.td_block_text_with_title{\r\n                  margin-bottom: 44px;\r\n                  -webkit-transform: translateZ(0);\r\n                  transform: translateZ(0);\r\n                }.td_block_text_with_title p:last-child{\r\n                  margin-bottom: 0;\r\n                }\n<\/style><div class=\"td-block-title-wrap\"><\/div><div class=\"td_mod_wrap td-fix-index\"><h2 style=\"text-align: center;\"><span style=\"color: #000000;\"><strong>Conven\u00e7\u00e3o Coletiva \u2013 2025-2026 \u2013 SINDICARPA x SINTRACARPA<\/strong><\/span><\/h2>\n<p>O SINDICARPA, torna p\u00fablico a informa\u00e7\u00e3o da homologa\u00e7\u00e3o da conven\u00e7\u00e3o coletiva de trabalho que ter\u00e1 vig\u00eancia de 01\/05\/2025 a 30\/04\/2026, na data do dia 18 de julho de 2025, devidamente homologada disponibilizada no sistema de negocia\u00e7\u00f5es Coletivas de Trabalho do Minist\u00e9rio do Trabalho e Emprego (sistema mediador). E ser\u00e1 disponibilizada para download a seguir.<\/p>\n<p>Sal\u00e1rios, Reajustes e Pagamento \u2013 Piso Salarial<\/p>\n<p>Nas negocia\u00e7\u00f5es para a CCT 2025\/2026, foi acordado o percentual de 5,32% (cinco inteiros e trinta e dois d\u00e9cimos) \u2013 acumulado do INPC nos \u00faltimos 12 (doze) meses, de reajuste, devendo ser aplicado sobre o sal\u00e1rio de abril de 2025. A diferen\u00e7a salarial, referente aos meses de maio e junho, dever\u00e3o ser pagas em julho, que j\u00e1 dever\u00e1 ser com o sal\u00e1rio atualizado. Para os cargos previstos na CCT, favor conferir a tabela (piso salarial).<\/p>\n<p>Vale alimenta\u00e7\u00e3o<\/p>\n<p>A partir de 01 de maio de 2025, o vale alimenta\u00e7\u00e3o para a ser de R$ 21,00 (vinte e um reais).<\/p>\n<p>Seguro de vida<\/p>\n<p>A partir de 01 de maio de 2025, os valores de seguro de vida passam a ser os seguintes: 1 \u2013 Seguro de vida por morte natural \/ acidente \u2013 R$ 13.889,00 (treze mil e oitocentos e nove reais) e a 2 \u2013 Seguro de vida por invalidez permanente \u2013 R$ 24.575,00 (vinte e quatro mil e quinhentos e setenta e cinco reais).<\/p>\n<p>Despesa de viagens<\/p>\n<p>A partir de 01 de maio de 2025, a despesa de viagem passa a ser de R$ 66,87 (sessenta e seis reais e oitenta e sete centavos). A pernoite passa para R$ 15,11 (quinze reais e onze centavos), quando o ve\u00edculo for dotado de cama ou sof\u00e1-cama e R$ 32,65 (trinta e dois reais e sessenta e cinco centavos), quando os ve\u00edculos n\u00e3o possu\u00edrem cama ou sof\u00e1-cama.<\/p>\n<p>Banco de horas<\/p>\n<p>A quita\u00e7\u00e3o do banco de horas dever\u00e1 ocorrer nos meses de agosto (2025), novembro (2025), fevereiro (2026) e maio (2026).<\/p>\n<p>Contribui\u00e7\u00e3o assistencial profissional<\/p>\n<p>As empresas descontar\u00e3o em folha de todos os trabalhadores o percentual de 1% (um por cento), a partir de folha de setembro de 2025.<\/p>\n<p>O direito de oposi\u00e7\u00e3o, para aqueles trabalhadores que desejarem manifestar, dever\u00e1 ocorrer presencialmente para se contratados nos munic\u00edpios de Bel\u00e9m, Ananindeua, Marituba e Benevides, carta de pr\u00f3prio punho, os demais por e-mail, no prazo de 30 dias a contar a partir do dia 04 de agosto de 2025 at\u00e9 o dia 03 de setembro de 2025.<\/p>\n<p>Contribui\u00e7\u00e3o assistencial patronal<\/p>\n<p>As empresas associadas ao SINDICARPA, recolher\u00e3o o valor de R$ 1.000,00 (hum mil reais) e as empresas n\u00e3o associadas o valor de R$ 2.000,00 (dois mil reais), at\u00e9 o dia 10\/09\/2025 (data de vencimento).<br \/>\nO prazo para a apresenta\u00e7\u00e3o da carta de oposi\u00e7\u00e3o \u00e0 Contribui\u00e7\u00e3o Assistencial Patronal pelas empresas ao SINDICARPA \u00e9 de 10 dias da data de homologa\u00e7\u00e3o da CCT MR042425\/2025, passando a contar do dia 21\/07\/2025 e encerrando-se no dia 31\/07\/2025.<\/p>\n<p>Baixe a CCT abaixo e confira os procedimentos para oposi\u00e7\u00e3o na cl\u00e1usula \u201cContribui\u00e7\u00e3o Assistencial Patronal\u201d da Conven\u00e7\u00e3o Coletiva de Trabalho &#8211; MR042425\/2025, sendo poss\u00edvel a manifesta\u00e7\u00e3o por e-mail.<br \/>\nRessaltamos que a cobran\u00e7a da assistencial patronal est\u00e1 amparada no artigo 513, letra \u201ce\u201d da CLT e no Tema de Repercuss\u00e3o Geral 935 do STF (decis\u00e3o de 12\/09\/2023 publicada em 30\/10\/2023) e ARE (Recurso Extraordin\u00e1rio com agravo \u2013 Processo n\u00ba 00000046-05.2011.5.09.0009), assim como definido em Ata de Assembleia Geral realizada em 24\/04\/2025.<\/p>\n<p>Ressaltamos, que em caso de d\u00favidas, os associados poder\u00e3o entrar em contato com o departamento jur\u00eddico do SINDICARPA e frisamos a import\u00e2ncia da an\u00e1lise completa da CCT MR042425\/2025, por todos os interessados<\/p>\n<h4><strong>Preencha o formul\u00e1rio para conferir todos os detalhes da Conven\u00e7\u00e3o Coletiva de Trabalho 2025-2026<\/strong><\/h4>\n<table class=\"wp-list-table widefat fixed striped table-view-list forms\">\n<tbody id=\"the-list\" data-wp-lists=\"list:form\">\n<tr>\n<td class=\"shortcode column-shortcode\" data-colname=\"Shortcode\"><span style=\"font-family: Verdana, BlinkMacSystemFont, -apple-system, Segoe UI, Roboto, Oxygen, Ubuntu, Cantarell, Open Sans, Helvetica Neue, sans-serif;\"><span style=\"font-size: 15px;\"><div class=\"wpforms-container wpforms-container-full\" id=\"wpforms-2189\"><form id=\"wpforms-form-2189\" class=\"wpforms-validate wpforms-form\" data-formid=\"2189\" method=\"post\" enctype=\"multipart\/form-data\" action=\"\/index.php\/wp-json\/wp\/v2\/pages\/2186\"><div class=\"wpforms-field-container\"><div id=\"wpforms-2189-field_1-container\" class=\"wpforms-field wpforms-field-number\" data-field-id=\"1\"><label class=\"wpforms-field-label\" for=\"wpforms-2189-field_1\">CNPJ <span class=\"wpforms-required-label\">*<\/span><\/label><input type=\"number\" pattern=\"[0-9]*\" id=\"wpforms-2189-field_1\" class=\"wpforms-field-large wpforms-field-required\" name=\"wpforms[fields][1]\" required><div class=\"wpforms-field-description\">Campo Obrigatorio!<\/div><\/div><div id=\"wpforms-2189-field_3-container\" class=\"wpforms-field wpforms-field-email\" data-field-id=\"3\"><label class=\"wpforms-field-label\" for=\"wpforms-2189-field_3\">Email <span class=\"wpforms-required-label\">*<\/span><\/label><input type=\"email\" id=\"wpforms-2189-field_3\" class=\"wpforms-field-large wpforms-field-required\" name=\"wpforms[fields][3]\" required><div class=\"wpforms-field-description\">Campo Obrigatorio!<\/div><\/div><div id=\"wpforms-2189-field_2-container\" class=\"wpforms-field wpforms-field-phone\" data-field-id=\"2\"><label class=\"wpforms-field-label\" for=\"wpforms-2189-field_2\">Telefone <span class=\"wpforms-required-label\">*<\/span><\/label><input type=\"tel\" id=\"wpforms-2189-field_2\" class=\"wpforms-field-large wpforms-field-required wpforms-smart-phone-field\" data-rule-smart-phone-field=\"true\" name=\"wpforms[fields][2]\" required><div class=\"wpforms-field-description\">Campo Obrigatorio!<\/div><\/div><\/div><div class=\"wpforms-field wpforms-field-hp\"><label for=\"wpforms-2189-field-hp\" class=\"wpforms-field-label\">Website<\/label><input type=\"text\" name=\"wpforms[hp]\" id=\"wpforms-2189-field-hp\" class=\"wpforms-field-medium\"><\/div><div class=\"wpforms-submit-container\" ><input type=\"hidden\" name=\"wpforms[id]\" value=\"2189\"><input type=\"hidden\" name=\"wpforms[author]\" value=\"2\"><button type=\"submit\" name=\"wpforms[submit]\" class=\"wpforms-submit \" id=\"wpforms-submit-2189\" value=\"wpforms-submit\" data-alt-text=\"Processando!\">Enviar<\/button><\/div><\/form><\/div><\/span><\/span><\/td>\n<\/tr>\n<\/tbody>\n<\/table>\n<\/div><\/div><\/div><\/div><\/div><\/div><\/div><\/div>","protected":false},"excerpt":{"rendered":"","protected":false},"author":2,"featured_media":0,"parent":0,"menu_order":0,"comment_status":"closed","ping_status":"closed","template":"","meta":{"footnotes":""},"class_list":["post-2186","page","type-page","status-publish"],"_links":{"self":[{"href":"https:\/\/sindicarpa.com.br\/index.php\/wp-json\/wp\/v2\/pages\/2186","targetHints":{"allow":["GET"]}}],"collection":[{"href":"https:\/\/sindicarpa.com.br\/index.php\/wp-json\/wp\/v2\/pages"}],"about":[{"href":"https:\/\/sindicarpa.com.br\/index.php\/wp-json\/wp\/v2\/types\/page"}],"author":[{"embeddable":true,"href":"https:\/\/sindicarpa.com.br\/index.php\/wp-json\/wp\/v2\/users\/2"}],"replies":[{"embeddable":true,"href":"https:\/\/sindicarpa.com.br\/index.php\/wp-json\/wp\/v2\/comments?post=2186"}],"version-history":[{"count":42,"href":"https:\/\/sindicarpa.com.br\/index.php\/wp-json\/wp\/v2\/pages\/2186\/revisions"}],"predecessor-version":[{"id":2422,"href":"https:\/\/sindicarpa.com.br\/index.php\/wp-json\/wp\/v2\/pages\/2186\/revisions\/2422"}],"wp:attachment":[{"href":"https:\/\/sindicarpa.com.br\/index.php\/wp-json\/wp\/v2\/media?parent=2186"}],"curies":[{"name":"wp","href":"https:\/\/api.w.org\/{rel}","templated":true}]}}